

{"id":1104,"date":"2023-04-14T11:21:47","date_gmt":"2023-04-14T09:21:47","guid":{"rendered":"https:\/\/pepr-defmal.loria.fr\/?page_id=1104"},"modified":"2025-05-09T16:21:01","modified_gmt":"2025-05-09T14:21:01","slug":"consortium","status":"publish","type":"page","link":"https:\/\/pepr-defmal.loria.fr\/fr\/consortium\/","title":{"rendered":"Consortium"},"content":{"rendered":"<div class=\"wp-block-media-text alignwide\" style=\"grid-template-columns:10% auto\"><figure class=\"wp-block-media-text__media\"><img loading=\"lazy\" decoding=\"async\" width=\"617\" height=\"600\" src=\"https:\/\/pepr-defmal.loria.fr\/files\/2023\/08\/logs-PEPR-Defmal_Loria-abrege.png\" alt=\"\" class=\"wp-image-1503\" srcset=\"https:\/\/pepr-defmal.loria.fr\/files\/2023\/08\/logs-PEPR-Defmal_Loria-abrege.png 617w, https:\/\/pepr-defmal.loria.fr\/files\/2023\/08\/logs-PEPR-Defmal_Loria-abrege-300x292.png 300w, https:\/\/pepr-defmal.loria.fr\/files\/2023\/08\/logs-PEPR-Defmal_Loria-abrege-150x146.png 150w, https:\/\/pepr-defmal.loria.fr\/files\/2023\/08\/logs-PEPR-Defmal_Loria-abrege-200x194.png 200w\" sizes=\"auto, (max-width: 617px) 100vw, 617px\" \/><\/figure><div class=\"wp-block-media-text__content\">\n<ul class=\"wp-block-list\"><li> <a href=\"https:\/\/members.loria.fr\/JYMarion\/\">Jean-Yves MARION <\/a> <\/li><li><a href=\"https:\/\/members.loria.fr\/GBonfante\/\">Guillaume BONFANTE<\/a><\/li><li>Quentin JAQMIN<\/li><li>Gabriel SAUGER<\/li><li>Leo BERTRAND<\/li><li>Pierre MARTY<\/li><li>Fabrice SABATIER<\/li><li>Romain  GUITTIENNE<\/li><\/ul>\n<\/div><\/div>\n\n\n\n<div class=\"wp-block-media-text alignwide\" style=\"grid-template-columns:12% auto\"><figure class=\"wp-block-media-text__media\"><img loading=\"lazy\" decoding=\"async\" width=\"984\" height=\"600\" src=\"https:\/\/pepr-defmal.loria.fr\/files\/2023\/08\/logs-PEPR-Defmal_Irisa.png\" alt=\"\" class=\"wp-image-1504\" srcset=\"https:\/\/pepr-defmal.loria.fr\/files\/2023\/08\/logs-PEPR-Defmal_Irisa.png 984w, https:\/\/pepr-defmal.loria.fr\/files\/2023\/08\/logs-PEPR-Defmal_Irisa-300x183.png 300w, https:\/\/pepr-defmal.loria.fr\/files\/2023\/08\/logs-PEPR-Defmal_Irisa-768x468.png 768w, https:\/\/pepr-defmal.loria.fr\/files\/2023\/08\/logs-PEPR-Defmal_Irisa-150x91.png 150w, https:\/\/pepr-defmal.loria.fr\/files\/2023\/08\/logs-PEPR-Defmal_Irisa-200x122.png 200w\" sizes=\"auto, (max-width: 984px) 100vw, 984px\" \/><\/figure><div class=\"wp-block-media-text__content\">\n<ul class=\"wp-block-list\"><li><a href=\"https:\/\/scholar.google.fr\/citations?user=M-rAkMcAAAAJ&amp;hl=fr\">Val\u00e9rie Viet Triem TONG<\/a> <\/li><li><a href=\"https:\/\/pfgimenez.github.io\/\">Pierre Fran\u00e7ois GIMENEZ<\/a><\/li><li><a href=\"http:\/\/people.rennes.inria.fr\/Jean-Francois.Lalande\/\">Jean-Fran\u00e7ois LALANDE<\/a><\/li><li>Hufei HAN<\/li><li>Alexandre SANCHEZ<\/li><li>Jean-Marie MINEAU<\/li><li>S\u00e9bastien KILIAN<\/li><li>Dorian BACHELOT<\/li><\/ul>\n<\/div><\/div>\n\n\n\n<div class=\"wp-block-media-text alignwide\" style=\"grid-template-columns:10% auto\"><figure class=\"wp-block-media-text__media\"><img loading=\"lazy\" decoding=\"async\" width=\"730\" height=\"600\" src=\"https:\/\/pepr-defmal.loria.fr\/files\/2023\/08\/logs-PEPR-Defmal_Cea-List.png\" alt=\"\" class=\"wp-image-1505\" srcset=\"https:\/\/pepr-defmal.loria.fr\/files\/2023\/08\/logs-PEPR-Defmal_Cea-List.png 730w, https:\/\/pepr-defmal.loria.fr\/files\/2023\/08\/logs-PEPR-Defmal_Cea-List-300x247.png 300w, https:\/\/pepr-defmal.loria.fr\/files\/2023\/08\/logs-PEPR-Defmal_Cea-List-150x123.png 150w, https:\/\/pepr-defmal.loria.fr\/files\/2023\/08\/logs-PEPR-Defmal_Cea-List-200x164.png 200w\" sizes=\"auto, (max-width: 730px) 100vw, 730px\" \/><\/figure><div class=\"wp-block-media-text__content\">\n<ul class=\"wp-block-list\"><li><a href=\"http:\/\/sebastien.bardin.free.fr\/\">S\u00e9bastien BARDIN<\/a><\/li><li><a href=\"https:\/\/gregoiremenguy.github.io\/\">Gr\u00e9goire MENGUY<\/a><\/li><li>Yves LUILLIERS<\/li><li>Fr\u00e9deric RECOULES<\/li><li>Nicolas BELLEC<\/li><li>Vidal ATTIAS<\/li><li>Aicha BOUKHARI<\/li><li>Sarra DJEBOUR <\/li><\/ul>\n<\/div><\/div>\n\n\n\n<div class=\"wp-block-media-text alignwide\" style=\"grid-template-columns:13% auto\"><figure class=\"wp-block-media-text__media\"><img loading=\"lazy\" decoding=\"async\" width=\"1024\" height=\"727\" src=\"https:\/\/pepr-defmal.loria.fr\/files\/2024\/05\/1280px-Logo-irif-1024x727.png\" alt=\"\" class=\"wp-image-1725\" srcset=\"https:\/\/pepr-defmal.loria.fr\/files\/2024\/05\/1280px-Logo-irif-1024x727.png 1024w, https:\/\/pepr-defmal.loria.fr\/files\/2024\/05\/1280px-Logo-irif-300x213.png 300w, https:\/\/pepr-defmal.loria.fr\/files\/2024\/05\/1280px-Logo-irif-768x545.png 768w, https:\/\/pepr-defmal.loria.fr\/files\/2024\/05\/1280px-Logo-irif-600x426.png 600w, https:\/\/pepr-defmal.loria.fr\/files\/2024\/05\/1280px-Logo-irif-150x107.png 150w, https:\/\/pepr-defmal.loria.fr\/files\/2024\/05\/1280px-Logo-irif-200x142.png 200w, https:\/\/pepr-defmal.loria.fr\/files\/2024\/05\/1280px-Logo-irif.png 1280w\" sizes=\"auto, (max-width: 1024px) 100vw, 1024px\" \/><\/figure><div class=\"wp-block-media-text__content\">\n<ul class=\"wp-block-list\"><li><a href=\"https:\/\/s3.eurecom.fr\/~balzarot\/\"><\/a>Tayssir TOUILI<\/li><li> Olzhas Zhangeldinov <\/li><li> Shijie Lin <\/li><\/ul>\n<\/div><\/div>\n\n\n\n<div class=\"wp-block-media-text alignwide\" style=\"grid-template-columns:12% auto\"><figure class=\"wp-block-media-text__media\"><img loading=\"lazy\" decoding=\"async\" width=\"834\" height=\"600\" src=\"https:\/\/pepr-defmal.loria.fr\/files\/2023\/08\/logs-PEPR-Defmal_Eurecom.png\" alt=\"\" class=\"wp-image-1507\" srcset=\"https:\/\/pepr-defmal.loria.fr\/files\/2023\/08\/logs-PEPR-Defmal_Eurecom.png 834w, https:\/\/pepr-defmal.loria.fr\/files\/2023\/08\/logs-PEPR-Defmal_Eurecom-300x216.png 300w, https:\/\/pepr-defmal.loria.fr\/files\/2023\/08\/logs-PEPR-Defmal_Eurecom-768x553.png 768w, https:\/\/pepr-defmal.loria.fr\/files\/2023\/08\/logs-PEPR-Defmal_Eurecom-150x108.png 150w, https:\/\/pepr-defmal.loria.fr\/files\/2023\/08\/logs-PEPR-Defmal_Eurecom-200x144.png 200w\" sizes=\"auto, (max-width: 834px) 100vw, 834px\" \/><\/figure><div class=\"wp-block-media-text__content\">\n<ul class=\"wp-block-list\"><li><a href=\"https:\/\/s3.eurecom.fr\/~balzarot\/\">ADavide BALZAROTTI<\/a><\/li><li><a href=\"https:\/\/www.eurecom.fr\/fr\/people\/francillon-aurelien\">Aur\u00e9lien FRANCILLON<\/a><\/li><li><a href=\"https:\/\/www.eurecom.fr\/en\/people\/aonzo-simone\">Simone AONZO<\/a><\/li><li>Antonino VITALE<\/li><li>Andre PACTEAU<\/li><li>Stephano DE ROSA<\/li><\/ul>\n<\/div><\/div>\n\n\n\n<hr class=\"wp-block-separator is-style-wide\"\/>","protected":false},"excerpt":{"rendered":"<p>Jean-Yves MARION Guillaume BONFANTE Quentin JAQMIN Gabriel SAUGER Leo BERTRAND Pierre MARTY Fabrice SABATIER Romain GUITTIENNE Val\u00e9rie Viet Triem TONG Pierre Fran\u00e7ois GIMENEZ Jean-Fran\u00e7ois LALANDE Hufei HAN Alexandre SANCHEZ Jean-Marie MINEAU S\u00e9bastien KILIAN Dorian BACHELOT S\u00e9bastien BARDIN Gr\u00e9goire MENGUY Yves LUILLIERS Fr\u00e9deric RECOULES Nicolas BELLEC Vidal ATTIAS Aicha BOUKHARI Sarra\u2026<\/p>\n<p> <a class=\"continue-reading-link\" href=\"https:\/\/pepr-defmal.loria.fr\/fr\/consortium\/\"><span>en savoir+<\/span><i class=\"crycon-right-dir\"><\/i><\/a> <\/p>\n","protected":false},"author":1990,"featured_media":0,"parent":0,"menu_order":0,"comment_status":"closed","ping_status":"closed","template":"","meta":{"footnotes":""},"class_list":["post-1104","page","type-page","status-publish","hentry"],"_links":{"self":[{"href":"https:\/\/pepr-defmal.loria.fr\/fr\/wp-json\/wp\/v2\/pages\/1104","targetHints":{"allow":["GET"]}}],"collection":[{"href":"https:\/\/pepr-defmal.loria.fr\/fr\/wp-json\/wp\/v2\/pages"}],"about":[{"href":"https:\/\/pepr-defmal.loria.fr\/fr\/wp-json\/wp\/v2\/types\/page"}],"author":[{"embeddable":true,"href":"https:\/\/pepr-defmal.loria.fr\/fr\/wp-json\/wp\/v2\/users\/1990"}],"replies":[{"embeddable":true,"href":"https:\/\/pepr-defmal.loria.fr\/fr\/wp-json\/wp\/v2\/comments?post=1104"}],"version-history":[{"count":42,"href":"https:\/\/pepr-defmal.loria.fr\/fr\/wp-json\/wp\/v2\/pages\/1104\/revisions"}],"predecessor-version":[{"id":2119,"href":"https:\/\/pepr-defmal.loria.fr\/fr\/wp-json\/wp\/v2\/pages\/1104\/revisions\/2119"}],"wp:attachment":[{"href":"https:\/\/pepr-defmal.loria.fr\/fr\/wp-json\/wp\/v2\/media?parent=1104"}],"curies":[{"name":"wp","href":"https:\/\/api.w.org\/{rel}","templated":true}]}}