

{"id":108,"date":"2023-02-07T10:48:03","date_gmt":"2023-02-07T09:48:03","guid":{"rendered":"https:\/\/pepr-defmal.loria.fr\/?page_id=108"},"modified":"2024-07-12T11:58:54","modified_gmt":"2024-07-12T09:58:54","slug":"projet","status":"publish","type":"page","link":"https:\/\/pepr-defmal.loria.fr\/fr\/projet\/","title":{"rendered":"Projet"},"content":{"rendered":"<p>Le financement du projet Defmal dans le cadre du PEPR cyber permettra d\u2019am\u00e9liorer la connaissance et la compr\u00e9hension des programmes malveillants et d\u00e9velopper des contre-mesures, quels qu\u2019ils soient : malware, ransomware, botnet, etc. Le premier objectif est de d\u00e9velopper de nouvelles approches qui permettent d\u2019analyser les programmes malveillants. Cet objectif recouvre les trois aspects de la lutte contre les programmes malveillants : (i) Compr\u00e9hension (ii) D\u00e9tection et (iii) Analyse forensique. Le second objectif du projet est la compr\u00e9hension globale de l\u2019\u00e9cosyst\u00e8me du malware (modes d\u2019organisation, de diffusion, etc.) dans une approche interdisciplinaire impliquant l\u2019ensemble des acteurs concern\u00e9s. Enfin, l\u2019ambition de ce projet est de r\u00e9duire significativement l\u2019\u00e9cart entre la recherche et les entreprises en se donnant les capacit\u00e9s d\u2019anticipation et de r\u00e9actions rapides face aux attaques par programme malveillant.<\/p>\n\n\n\n<hr class=\"wp-block-separator is-style-wide\"\/>\n\n\n\n<h2 class=\"wp-block-heading\">Financement <\/h2>\n\n\n\n<figure class=\"wp-block-image\"><img loading=\"lazy\" decoding=\"async\" width=\"1024\" height=\"125\" src=\"https:\/\/pepr-defmal.loria.fr\/files\/2023\/04\/financt-1024x125.png\" alt=\"\" class=\"wp-image-889\" srcset=\"https:\/\/pepr-defmal.loria.fr\/files\/2023\/04\/financt-1024x125.png 1024w, https:\/\/pepr-defmal.loria.fr\/files\/2023\/04\/financt-300x37.png 300w, https:\/\/pepr-defmal.loria.fr\/files\/2023\/04\/financt-768x94.png 768w, https:\/\/pepr-defmal.loria.fr\/files\/2023\/04\/financt-150x18.png 150w, https:\/\/pepr-defmal.loria.fr\/files\/2023\/04\/financt-350x43.png 350w, https:\/\/pepr-defmal.loria.fr\/files\/2023\/04\/financt.png 1042w\" sizes=\"auto, (max-width: 1024px) 100vw, 1024px\" \/><\/figure>\n\n\n\n<p>Pilot\u00e9 par le CNRS, Inria et le CEA, le programme et \u00e9quipement prioritaire de recherche (PEPR) Cybers\u00e9curit\u00e9 vise \u00e0 renforcer l\u2019excellence de la recherche fran\u00e7aise et soutenir le d\u00e9veloppement de la fili\u00e8re cybers\u00e9curit\u00e9. Lanc\u00e9 le 21 juin 2022, il s\u2019inscrit dans une strat\u00e9gie nationale d\u2019acc\u00e9l\u00e9ration annonc\u00e9e par le Pr\u00e9sident de la R\u00e9publique le 21 f\u00e9vrier 2021, dont il constitue le volet recherche amont. <strong>Le projet DefMal est un des sept premiers projets de recherche cibl\u00e9es. &nbsp;Au total, dix projets de recherches sont financ\u00e9s par ce programme.<\/strong><\/p>\n\n\n\n<hr class=\"wp-block-separator is-style-wide\"\/>\n\n\n\n<h2 class=\"wp-block-heading\" style=\"text-align:center\">Les objectives scientifiques et techniques du projet<\/h2>\n\n\n\n<p> Ce projet comporte 7 work-packages (WP). Le WP0 concerne la gestion du projet et les actions de communication et de diss\u00e9mination. Les 6 autres WP r\u00e9pondent aux 3 objectifs du projet. Chaque WP est pilot\u00e9 par un partenaire et tous les partenaires participeront \u00e0 chaque WP. <\/p>\n\n\n\n<div class=\"wp-block-image\"><figure class=\"aligncenter is-resized\"><img loading=\"lazy\" decoding=\"async\" src=\"https:\/\/pepr-defmal.loria.fr\/files\/2023\/03\/Capture-decran-158-2-1024x575.png\" alt=\"\" class=\"wp-image-588\" width=\"446\" height=\"250\" srcset=\"https:\/\/pepr-defmal.loria.fr\/files\/2023\/03\/Capture-decran-158-2-1024x575.png 1024w, https:\/\/pepr-defmal.loria.fr\/files\/2023\/03\/Capture-decran-158-2-300x168.png 300w, https:\/\/pepr-defmal.loria.fr\/files\/2023\/03\/Capture-decran-158-2-768x431.png 768w, https:\/\/pepr-defmal.loria.fr\/files\/2023\/03\/Capture-decran-158-2-150x84.png 150w, https:\/\/pepr-defmal.loria.fr\/files\/2023\/03\/Capture-decran-158-2.png 1074w\" sizes=\"auto, (max-width: 446px) 100vw, 446px\" \/><figcaption>Vision globale des objectives du projet PEPR Defmal<\/figcaption><\/figure><\/div>\n\n\n\n<h2 class=\"wp-block-heading\">Consortium<\/h2>\n\n\n\n<div class=\"wp-block-image\"><figure class=\"aligncenter is-resized\"><img loading=\"lazy\" decoding=\"async\" src=\"https:\/\/pepr-defmal.loria.fr\/files\/2023\/03\/Capture-decran-157-1-1024x566.png\" alt=\"\" class=\"wp-image-497\" width=\"768\" height=\"425\" srcset=\"https:\/\/pepr-defmal.loria.fr\/files\/2023\/03\/Capture-decran-157-1-1024x566.png 1024w, https:\/\/pepr-defmal.loria.fr\/files\/2023\/03\/Capture-decran-157-1-300x166.png 300w, https:\/\/pepr-defmal.loria.fr\/files\/2023\/03\/Capture-decran-157-1-768x424.png 768w, https:\/\/pepr-defmal.loria.fr\/files\/2023\/03\/Capture-decran-157-1-150x83.png 150w, https:\/\/pepr-defmal.loria.fr\/files\/2023\/03\/Capture-decran-157-1.png 1162w\" sizes=\"auto, (max-width: 768px) 100vw, 768px\" \/><figcaption><strong>Architecture globale du projet et partenaires<\/strong><\/figcaption><\/figure><\/div>\n\n\n\n<div class=\"wp-block-file aligncenter\"><a href=\"https:\/\/pepr-defmal.loria.fr\/files\/2022\/06\/PEPR-Cyber_DefMal.pdf\">Pr\u00e9sentation du PEPR-DefMal au lancement des projets PEPR au Campus Cyber <\/a><a href=\"https:\/\/pepr-defmal.loria.fr\/files\/2022\/06\/PEPR-Cyber_DefMal.pdf\" class=\"wp-block-file__button\" download>T\u00e9l\u00e9charger<\/a><\/div>","protected":false},"excerpt":{"rendered":"<p>Le financement du projet Defmal dans le cadre du PEPR cyber permettra d\u2019am\u00e9liorer la connaissance et la compr\u00e9hension des programmes malveillants et d\u00e9velopper des contre-mesures, quels qu\u2019ils soient : malware, ransomware, botnet, etc. Le premier objectif est de d\u00e9velopper de nouvelles approches qui permettent d\u2019analyser les programmes malveillants. Cet objectif\u2026<\/p>\n<p> <a class=\"continue-reading-link\" href=\"https:\/\/pepr-defmal.loria.fr\/fr\/projet\/\"><span>en savoir+<\/span><i class=\"crycon-right-dir\"><\/i><\/a> <\/p>\n","protected":false},"author":1981,"featured_media":0,"parent":0,"menu_order":0,"comment_status":"closed","ping_status":"closed","template":"","meta":{"footnotes":""},"class_list":["post-108","page","type-page","status-publish","hentry"],"_links":{"self":[{"href":"https:\/\/pepr-defmal.loria.fr\/fr\/wp-json\/wp\/v2\/pages\/108","targetHints":{"allow":["GET"]}}],"collection":[{"href":"https:\/\/pepr-defmal.loria.fr\/fr\/wp-json\/wp\/v2\/pages"}],"about":[{"href":"https:\/\/pepr-defmal.loria.fr\/fr\/wp-json\/wp\/v2\/types\/page"}],"author":[{"embeddable":true,"href":"https:\/\/pepr-defmal.loria.fr\/fr\/wp-json\/wp\/v2\/users\/1981"}],"replies":[{"embeddable":true,"href":"https:\/\/pepr-defmal.loria.fr\/fr\/wp-json\/wp\/v2\/comments?post=108"}],"version-history":[{"count":130,"href":"https:\/\/pepr-defmal.loria.fr\/fr\/wp-json\/wp\/v2\/pages\/108\/revisions"}],"predecessor-version":[{"id":1973,"href":"https:\/\/pepr-defmal.loria.fr\/fr\/wp-json\/wp\/v2\/pages\/108\/revisions\/1973"}],"wp:attachment":[{"href":"https:\/\/pepr-defmal.loria.fr\/fr\/wp-json\/wp\/v2\/media?parent=108"}],"curies":[{"name":"wp","href":"https:\/\/api.w.org\/{rel}","templated":true}]}}