

{"id":1104,"date":"2023-04-14T11:21:47","date_gmt":"2023-04-14T09:21:47","guid":{"rendered":"https:\/\/pepr-defmal.loria.fr\/?page_id=1104"},"modified":"2025-05-09T16:21:01","modified_gmt":"2025-05-09T14:21:01","slug":"consortium","status":"publish","type":"page","link":"https:\/\/pepr-defmal.loria.fr\/en\/consortium\/","title":{"rendered":"Consortium"},"content":{"rendered":"<div class=\"wp-block-media-text alignwide\" style=\"grid-template-columns:17% auto\"><figure class=\"wp-block-media-text__media\"><img loading=\"lazy\" decoding=\"async\" width=\"406\" height=\"371\" src=\"https:\/\/pepr-defmal.loria.fr\/files\/2023\/04\/logo_loria_abrege_couleur.png\" alt=\"\" class=\"wp-image-658\" srcset=\"https:\/\/pepr-defmal.loria.fr\/files\/2023\/04\/logo_loria_abrege_couleur.png 406w, https:\/\/pepr-defmal.loria.fr\/files\/2023\/04\/logo_loria_abrege_couleur-300x274.png 300w, https:\/\/pepr-defmal.loria.fr\/files\/2023\/04\/logo_loria_abrege_couleur-150x137.png 150w, https:\/\/pepr-defmal.loria.fr\/files\/2023\/04\/logo_loria_abrege_couleur-164x150.png 164w\" sizes=\"auto, (max-width: 406px) 100vw, 406px\" \/><\/figure><div class=\"wp-block-media-text__content\">\n<ul class=\"wp-block-list\"><li>Jean-Yves Marion<\/li><li>Guillaume Bonfante<\/li><li>Leo Bertrand<\/li><li>Gabriel Sauger<\/li><li>Quentin Jaqcmin<\/li><li>Pierre Marty<\/li><li>Romain Guitienne<\/li><li>Maira Nassau <\/li><\/ul>\n<\/div><\/div>\n\n\n\n<div class=\"wp-block-media-text alignwide\" style=\"grid-template-columns:18% auto\"><figure class=\"wp-block-media-text__media\"><img loading=\"lazy\" decoding=\"async\" width=\"272\" height=\"84\" src=\"https:\/\/pepr-defmal.loria.fr\/files\/2023\/03\/irisa.png\" alt=\"\" class=\"wp-image-639\" srcset=\"https:\/\/pepr-defmal.loria.fr\/files\/2023\/03\/irisa.png 272w, https:\/\/pepr-defmal.loria.fr\/files\/2023\/03\/irisa-150x46.png 150w, https:\/\/pepr-defmal.loria.fr\/files\/2023\/03\/irisa-250x77.png 250w\" sizes=\"auto, (max-width: 272px) 100vw, 272px\" \/><\/figure><div class=\"wp-block-media-text__content\">\n<ul class=\"wp-block-list\"><li>Val\u00e9rie Viet Triem Tong <\/li><li>Pierre Fran\u00e7ois Gimenez<\/li><li>Jean-Fran\u00e7ois Lalande<\/li><li>Hufei Han<\/li><li>Vincent Raulin<\/li><li>S\u00e9bastien Killian<\/li><li>Jean-Marie Mineau<\/li><\/ul>\n<\/div><\/div>\n\n\n\n<div class=\"wp-block-media-text alignwide\" style=\"grid-template-columns:18% auto\"><figure class=\"wp-block-media-text__media\"><img loading=\"lazy\" decoding=\"async\" width=\"283\" height=\"178\" src=\"https:\/\/pepr-defmal.loria.fr\/files\/2023\/03\/cea-list.png\" alt=\"\" class=\"wp-image-640\" srcset=\"https:\/\/pepr-defmal.loria.fr\/files\/2023\/03\/cea-list.png 283w, https:\/\/pepr-defmal.loria.fr\/files\/2023\/03\/cea-list-150x94.png 150w, https:\/\/pepr-defmal.loria.fr\/files\/2023\/03\/cea-list-238x150.png 238w\" sizes=\"auto, (max-width: 283px) 100vw, 283px\" \/><\/figure><div class=\"wp-block-media-text__content\">\n<ul class=\"wp-block-list\"><li>S\u00e9bastien Bardin<\/li><li>Gr\u00e9gory Menguy<\/li><li>Vidal Attias<\/li><li>Nicolas Bellec<\/li><li><\/li><\/ul>\n<\/div><\/div>\n\n\n\n<div class=\"wp-block-media-text alignwide\" style=\"grid-template-columns:18% auto\"><figure class=\"wp-block-media-text__media\"><img loading=\"lazy\" decoding=\"async\" width=\"1024\" height=\"727\" src=\"https:\/\/pepr-defmal.loria.fr\/files\/2024\/05\/1280px-Logo-irif-1024x727.png\" alt=\"\" class=\"wp-image-1725\" srcset=\"https:\/\/pepr-defmal.loria.fr\/files\/2024\/05\/1280px-Logo-irif-1024x727.png 1024w, https:\/\/pepr-defmal.loria.fr\/files\/2024\/05\/1280px-Logo-irif-300x213.png 300w, https:\/\/pepr-defmal.loria.fr\/files\/2024\/05\/1280px-Logo-irif-768x545.png 768w, https:\/\/pepr-defmal.loria.fr\/files\/2024\/05\/1280px-Logo-irif-600x426.png 600w, https:\/\/pepr-defmal.loria.fr\/files\/2024\/05\/1280px-Logo-irif-150x107.png 150w, https:\/\/pepr-defmal.loria.fr\/files\/2024\/05\/1280px-Logo-irif-200x142.png 200w, https:\/\/pepr-defmal.loria.fr\/files\/2024\/05\/1280px-Logo-irif.png 1280w\" sizes=\"auto, (max-width: 1024px) 100vw, 1024px\" \/><\/figure><div class=\"wp-block-media-text__content\">\n<ul class=\"wp-block-list\"><li>Tayssir Touili<\/li><\/ul>\n<\/div><\/div>\n\n\n\n<div class=\"wp-block-media-text alignwide\" style=\"grid-template-columns:15% auto\"><figure class=\"wp-block-media-text__media\"><img loading=\"lazy\" decoding=\"async\" width=\"250\" height=\"118\" src=\"https:\/\/pepr-defmal.loria.fr\/files\/2023\/04\/EURECOM_logo_250x118.png\" alt=\"\" class=\"wp-image-659\" srcset=\"https:\/\/pepr-defmal.loria.fr\/files\/2023\/04\/EURECOM_logo_250x118.png 250w, https:\/\/pepr-defmal.loria.fr\/files\/2023\/04\/EURECOM_logo_250x118-150x71.png 150w\" sizes=\"auto, (max-width: 250px) 100vw, 250px\" \/><\/figure><div class=\"wp-block-media-text__content\">\n<ul class=\"wp-block-list\"><li>Davide Balzarotti<\/li><li>Aur\u00e9lien Francillon<\/li><li>Simone Aonzo<\/li><li>Antonino Vitale<\/li><\/ul>\n<\/div><\/div>\n\n\n\n<p><\/p>","protected":false},"excerpt":{"rendered":"<p>Jean-Yves Marion Guillaume Bonfante Leo Bertrand Gabriel Sauger Quentin Jaqcmin Pierre Marty Romain Guitienne Maira Nassau Val\u00e9rie Viet Triem Tong Pierre Fran\u00e7ois Gimenez Jean-Fran\u00e7ois Lalande Hufei Han Vincent Raulin S\u00e9bastien Killian Jean-Marie Mineau S\u00e9bastien Bardin Gr\u00e9gory Menguy Vidal Attias Nicolas Bellec Tayssir Touili Davide Balzarotti Aur\u00e9lien Francillon Simone Aonzo Antonino\u2026<\/p>\n<p> <a class=\"continue-reading-link\" href=\"https:\/\/pepr-defmal.loria.fr\/en\/consortium\/\"><span>en savoir+<\/span><i class=\"crycon-right-dir\"><\/i><\/a> <\/p>\n","protected":false},"author":1990,"featured_media":0,"parent":0,"menu_order":0,"comment_status":"closed","ping_status":"closed","template":"","meta":{"footnotes":""},"class_list":["post-1104","page","type-page","status-publish","hentry"],"_links":{"self":[{"href":"https:\/\/pepr-defmal.loria.fr\/en\/wp-json\/wp\/v2\/pages\/1104","targetHints":{"allow":["GET"]}}],"collection":[{"href":"https:\/\/pepr-defmal.loria.fr\/en\/wp-json\/wp\/v2\/pages"}],"about":[{"href":"https:\/\/pepr-defmal.loria.fr\/en\/wp-json\/wp\/v2\/types\/page"}],"author":[{"embeddable":true,"href":"https:\/\/pepr-defmal.loria.fr\/en\/wp-json\/wp\/v2\/users\/1990"}],"replies":[{"embeddable":true,"href":"https:\/\/pepr-defmal.loria.fr\/en\/wp-json\/wp\/v2\/comments?post=1104"}],"version-history":[{"count":42,"href":"https:\/\/pepr-defmal.loria.fr\/en\/wp-json\/wp\/v2\/pages\/1104\/revisions"}],"predecessor-version":[{"id":2119,"href":"https:\/\/pepr-defmal.loria.fr\/en\/wp-json\/wp\/v2\/pages\/1104\/revisions\/2119"}],"wp:attachment":[{"href":"https:\/\/pepr-defmal.loria.fr\/en\/wp-json\/wp\/v2\/media?parent=1104"}],"curies":[{"name":"wp","href":"https:\/\/api.w.org\/{rel}","templated":true}]}}